{"id":1194,"date":"2021-09-13T17:37:46","date_gmt":"2021-09-13T20:37:46","guid":{"rendered":"https:\/\/www.digimap.com.br\/2021\/desenvolvimento\/"},"modified":"2021-09-16T13:10:02","modified_gmt":"2021-09-16T16:10:02","slug":"desenvolvimento","status":"publish","type":"page","link":"https:\/\/www.digimap.com.br\/2021\/desenvolvimento\/","title":{"rendered":"Desenvolvimento"},"content":{"rendered":"\n  \n    \n    <section class=\"skrollable u-clearfix u-image u-parallax u-shading u-section-2\" id=\"sec-fbb5\" data-image-width=\"1080\" data-image-height=\"1080\">\n      <div class=\"u-clearfix u-sheet u-sheet-1\">\n        <div class=\"u-clearfix u-expanded-width u-gutter-20 u-layout-wrap u-layout-wrap-1\">\n          <div class=\"u-layout\">\n            <div class=\"u-layout-row\">\n              <div class=\"u-container-style u-layout-cell u-opacity u-opacity-50 u-size-20 u-white u-layout-cell-1\">\n                <div class=\"u-container-layout u-container-layout-1\"><span class=\"u-align-center u-icon u-icon-circle u-icon-1\"><svg class=\"u-svg-link\" preserveAspectRatio=\"xMidYMin slice\" viewBox=\"0 0 64 64\" style=\"\"><use xlink:href=\"#svg-c78a\"><\/use><\/svg><svg class=\"u-svg-content\" viewBox=\"0 0 64 64\" id=\"svg-c78a\"><g id=\"Database-cloud-laptop-computer-smartphone\"><path d=\"m41 21h-18a1 1 0 0 0 -1 1v24a1 1 0 0 0 1 1h18a1 1 0 0 0 1-1v-24a1 1 0 0 0 -1-1zm-1 24h-16v-6h16zm0-8h-16v-6h16zm0-8h-16v-6h16z\"><\/path><path d=\"m59 2h-14a3.009 3.009 0 0 0 -3 3v8a3.009 3.009 0 0 0 3 3h4v2h-2v2h10v-2h-2v-2h4a3.009 3.009 0 0 0 3-3v-8a3.009 3.009 0 0 0 -3-3zm-6 16h-2v-2h2zm7-5a1 1 0 0 1 -1 1h-14a1 1 0 0 1 -1-1v-1h16zm0-3h-16v-5a1 1 0 0 1 1-1h14a1 1 0 0 1 1 1z\"><\/path><path d=\"m61 56v-7a3.009 3.009 0 0 0 -3-3h-12a3.009 3.009 0 0 0 -3 3v7a1 1 0 0 0 -1 1v2a3.009 3.009 0 0 0 3 3h14a3.009 3.009 0 0 0 3-3v-2a1 1 0 0 0 -1-1zm-16-7a1 1 0 0 1 1-1h12a1 1 0 0 1 1 1v7h-14zm15 10a1 1 0 0 1 -1 1h-14a1 1 0 0 1 -1-1v-1h16z\"><\/path><path d=\"m17 48h-1v-1a3.009 3.009 0 0 0 -3-3h-8a3.009 3.009 0 0 0 -3 3v12a3.009 3.009 0 0 0 3 3h12a3.009 3.009 0 0 0 3-3v-8a3.009 3.009 0 0 0 -3-3zm-6.82 12h-5.18a1 1 0 0 1 -1-1v-12a1 1 0 0 1 1-1h8a1 1 0 0 1 1 1v1h-1a3.009 3.009 0 0 0 -3 3v8a3 3 0 0 0 .18 1zm7.82-1a1 1 0 0 1 -1 1h-4a1 1 0 0 1 -1-1v-8a1 1 0 0 1 1-1h4a1 1 0 0 1 1 1z\"><\/path><path d=\"m23.92 8.08a4.985 4.985 0 0 0 -6.3-3.88 5.916 5.916 0 0 0 -4.62-2.2 6.024 6.024 0 0 0 -5.67 4.04 6 6 0 0 0 .67 11.96h15a5 5 0 0 0 .92-9.92zm-.92 7.92h-15a4.006 4.006 0 0 1 -.09-8.01.777.777 0 0 0 .16.02 1.009 1.009 0 0 0 1.01-.8 3.99 3.99 0 0 1 7.33-1.28.981.981 0 0 0 1.29.38 2.977 2.977 0 0 1 4.3 2.69 1 1 0 0 0 1 1 3 3 0 0 1 0 6z\"><\/path><path d=\"m26 25h2v2h-2z\"><\/path><path d=\"m31 25h2v2h-2z\"><\/path><path d=\"m36 25h2v2h-2z\"><\/path><path d=\"m26 33h2v2h-2z\"><\/path><path d=\"m31 33h2v2h-2z\"><\/path><path d=\"m36 33h2v2h-2z\"><\/path><path d=\"m26 41h2v2h-2z\"><\/path><path d=\"m31 41h2v2h-2z\"><\/path><path d=\"m36 41h2v2h-2z\"><\/path><path d=\"m53 29v-7h-2v6h-7v2h8a1 1 0 0 0 1-1z\"><\/path><path d=\"m44 36h7v8h2v-9a1 1 0 0 0 -1-1h-8z\"><\/path><path d=\"m13 20h-2v9a1 1 0 0 0 1 1h8v-2h-7z\"><\/path><path d=\"m11 35v7h2v-6h7v-2h-8a1 1 0 0 0 -1 1z\"><\/path>\n<\/g><\/svg><\/span>\n                  <h1 class=\"u-align-center u-text u-text-grey-80 u-title u-text-1\">Desenvolvimento de Sistemas<br>\n                  <\/h1>\n                  <div class=\"u-align-center u-border-3 u-border-custom-color-2 u-line u-line-horizontal u-line-1\"><\/div>\n                  <p class=\"u-align-justify u-text u-text-grey-80 u-text-2\"> Os Geoservi\u00e7os s\u00e3o funcionalidades utilizadas mediante um navegador de Internet, que uma IDE oferece aos usu\u00e1rios para acessar dados e metadados geoespaciais. Se organizam em servi\u00e7os de visualiza\u00e7\u00e3o de mapas, de download, de consulta e de convers\u00e3o.<br>\n                    <br>A Digimap executa a gera\u00e7\u00e3o de geoservi\u00e7os e hospedagem disponibilizadas por meio de formatos e especifica\u00e7\u00f5es do Open Geospatial Consortium (OGC\u00ae) WMS, WMTS, WCS, WFS que objetiva oferecer mecanismos para integra\u00e7\u00e3o com mapas, imagens e servi\u00e7os para a realiza\u00e7\u00e3o de an\u00e1lises geoespaciais<br>\n                  <\/p>\n                <\/div>\n              <\/div>\n              <div class=\"u-container-style u-layout-cell u-opacity u-opacity-50 u-size-20 u-white u-layout-cell-2\">\n                <div class=\"u-container-layout u-container-layout-2\"><span class=\"u-align-center u-icon u-icon-circle u-icon-2\"><svg class=\"u-svg-link\" preserveAspectRatio=\"xMidYMin slice\" viewBox=\"0 0 64 64\" style=\"\"><use xlink:href=\"#svg-8fd0\"><\/use><\/svg><svg class=\"u-svg-content\" viewBox=\"0 0 64 64\" id=\"svg-8fd0\"><g id=\"Analysis-Stats-Mobile_Phone-Computer-Software\"><path d=\"m17 18h10v2h-10z\"><\/path><path d=\"m17 14h10v2h-10z\"><\/path><path d=\"m17 10h2v2h-2z\"><\/path><path d=\"m21 10h6v2h-6z\"><\/path><path d=\"m36 20a7 7 0 1 0 -7-7 7.008 7.008 0 0 0 7 7zm0-2a4.969 4.969 0 0 1 -2.753-.833l3.167-3.167h4.486a5.009 5.009 0 0 1 -4.9 4zm4.9-6h-3.9v-3.9a5.016 5.016 0 0 1 3.9 3.9zm-5.9-3.9v4.485l-3.167 3.167a4.991 4.991 0 0 1 3.167-7.652z\"><\/path><path d=\"m17 34h10v2h-10z\"><\/path><path d=\"m17 30h10v2h-10z\"><\/path><path d=\"m17 26h2v2h-2z\"><\/path><path d=\"m21 26h6v2h-6z\"><\/path><path d=\"m59 50a2.934 2.934 0 0 0 -1.47.39 3 3 0 0 0 -2.53-1.39 3.06 3.06 0 0 0 -1 .19v-1.19h2a2.006 2.006 0 0 0 2-2v-38a2.006 2.006 0 0 0 -2-2h-9v-2a2.006 2.006 0 0 0 -2-2h-30a2.006 2.006 0 0 0 -2 2v2h-9a2.006 2.006 0 0 0 -2 2v38a2.006 2.006 0 0 0 2 2h17.87l-.75 6h-4.12a2.006 2.006 0 0 0 -2 2v4a2.006 2.006 0 0 0 2 2h25.69l.29.5 1.73-1-4.31-7.46a1.01 1.01 0 0 1 .37-1.37.99.99 0 0 1 1.36.37l2 3.46a1.022 1.022 0 0 0 1.13.47 1 1 0 0 0 .74-.97v-10a1 1 0 0 1 2 0v8a1 1 0 0 0 2 0v-3a1 1 0 0 1 2 0v3a1 1 0 0 0 2 0v-2a1 1 0 0 1 2 0v2a1 1 0 0 0 2 0v-1a1 1 0 0 1 2 0v9h2v-9a3.009 3.009 0 0 0 -3-3zm-10-24a3.01 3.01 0 0 1 2.82 2h-19.64a3.01 3.01 0 0 1 2.82-2zm-45 20v-38h9v2h-5a2.006 2.006 0 0 0 -2 2v26a2.006 2.006 0 0 0 2 2h22v6zm9-34v26h-5v-26zm17 36v6h-6.87l.75-6zm-13 12v-4h13v1a4.924 4.924 0 0 0 1.03 3zm13-31v9h-15v-34h30v20h-10a5 5 0 0 0 -5 5zm11.54 31h-6.54a3.009 3.009 0 0 1 -3-3v-3h6.31a3.068 3.068 0 0 0 .36 1.04zm-.54-16a4.979 4.979 0 0 1 -2.75-.83l3.16-3.17h4.49a5.017 5.017 0 0 1 -4.9 4zm-4.17-2.25a4.993 4.993 0 0 1 3.17-7.65v4.49zm5.17-3.75v-3.9a5.01 5.01 0 0 1 3.9 3.9zm10 10.19a3.06 3.06 0 0 0 -1-.19 3 3 0 0 0 -1 .17v-2.17a3.009 3.009 0 0 0 -3-3 2.85 2.85 0 0 0 -.29.03 6.936 6.936 0 0 0 1.29-4.03 7.016 7.016 0 1 0 -3.9 6.27 2.923 2.923 0 0 0 -.1.73v6h-.16a3 3 0 0 0 -4.07-1.06 2.911 2.911 0 0 0 -1.06 1.06h-6.71v-22h20zm0-23.16a4.924 4.924 0 0 0 -3-1.03h-2v-12h5zm0-15.03h-5v-2h9v38h-2v-34a2.006 2.006 0 0 0 -2-2z\"><\/path>\n<\/g><\/svg><\/span>\n                  <h1 class=\"u-align-center u-text u-text-grey-80 u-title u-text-3\"> Desenvolvimento de Aplicativos Web e\/ou Mobile<\/h1>\n                  <div class=\"u-align-center u-border-3 u-border-custom-color-2 u-line u-line-horizontal u-line-2\"><\/div>\n                  <p class=\"u-align-justify u-text u-text-grey-80 u-text-4\"> Cada vez mais o uso das ferramentas do WebGis tem sido utilizadas para as apresenta\u00e7\u00f5es interativas de mapas e de informa\u00e7\u00f5es por meio de um navegador com acesso \u00e0 internet, permitindo a facilidade de uso, utilizando-se de muitos recursos para a visualiza\u00e7\u00e3o e a navega\u00e7\u00e3o dos dados e tamb\u00e9m de funcionalidades para p\u00f3s- processamentos.<br>\n                    <br>A Digimap desenvolve sistemas de informa\u00e7\u00e3o geogr\u00e1fica e sistemas WebGIS sob demanda com dados hospedados nos servidores da Digimap ou na pr\u00f3pria estrutura de TI do cliente. Essas aplica\u00e7\u00f5es podem conter:\n                  <\/p>\n                  <ul class=\"u-align-justify u-custom-list u-text u-text-grey-80 u-text-5\">\n                    <li>\n                      <div class=\"u-list-icon u-text-custom-color-1\">\n                        <svg class=\"u-svg-content\" viewBox=\"0 0 512 512\" id=\"svg-f218\"><path d=\"m433.1 67.1-231.8 231.9c-6.2 6.2-16.4 6.2-22.6 0l-99.8-99.8-78.9 78.8 150.5 150.5c10.5 10.5 24.6 16.3 39.4 16.3 14.8 0 29-5.9 39.4-16.3l282.7-282.5z\" fill=\"currentColor\"><\/path><\/svg>\n                      <\/div> Sistemas espec\u00edficos para demandas espec\u00edficas. \n                    <\/li>\n                    <li>\n                      <div class=\"u-list-icon u-text-custom-color-1\">\n                        <svg class=\"u-svg-content\" viewBox=\"0 0 512 512\" id=\"svg-f218\"><path d=\"m433.1 67.1-231.8 231.9c-6.2 6.2-16.4 6.2-22.6 0l-99.8-99.8-78.9 78.8 150.5 150.5c10.5 10.5 24.6 16.3 39.4 16.3 14.8 0 29-5.9 39.4-16.3l282.7-282.5z\" fill=\"currentColor\"><\/path><\/svg>\n                      <\/div>Levantamento de requisitos totalmente alinhados ao cliente. \n                    <\/li>\n                    <li>\n                      <div class=\"u-list-icon u-text-custom-color-1\">\n                        <svg class=\"u-svg-content\" viewBox=\"0 0 512 512\" id=\"svg-f218\"><path d=\"m433.1 67.1-231.8 231.9c-6.2 6.2-16.4 6.2-22.6 0l-99.8-99.8-78.9 78.8 150.5 150.5c10.5 10.5 24.6 16.3 39.4 16.3 14.8 0 29-5.9 39.4-16.3l282.7-282.5z\" fill=\"currentColor\"><\/path><\/svg>\n                      <\/div>Servi\u00e7o de Imagens da MAXAR com dados vetoriais do OpenStreetMap como pano de fundo. \n                    <\/li>\n                    <li>\n                      <div class=\"u-list-icon u-text-custom-color-1\">\n                        <svg class=\"u-svg-content\" viewBox=\"0 0 512 512\" id=\"svg-f218\"><path d=\"m433.1 67.1-231.8 231.9c-6.2 6.2-16.4 6.2-22.6 0l-99.8-99.8-78.9 78.8 150.5 150.5c10.5 10.5 24.6 16.3 39.4 16.3 14.8 0 29-5.9 39.4-16.3l282.7-282.5z\" fill=\"currentColor\"><\/path><\/svg>\n                      <\/div>Aplicativos que podem ser acessados por dispositivos m\u00f3veis em campo. \n                    <\/li>\n                    <li>\n                      <div class=\"u-list-icon u-text-custom-color-1\">\n                        <svg class=\"u-svg-content\" viewBox=\"0 0 512 512\" id=\"svg-f218\"><path d=\"m433.1 67.1-231.8 231.9c-6.2 6.2-16.4 6.2-22.6 0l-99.8-99.8-78.9 78.8 150.5 150.5c10.5 10.5 24.6 16.3 39.4 16.3 14.8 0 29-5.9 39.4-16.3l282.7-282.5z\" fill=\"currentColor\"><\/path><\/svg>\n                      <\/div>Mais agilidade do planejamento \u00e0 tomada de decis\u00e3o.&nbsp;\n                    <\/li>\n                    <li>\n                      <div class=\"u-list-icon u-text-custom-color-1\">\n                        <svg class=\"u-svg-content\" viewBox=\"0 0 512 512\" id=\"svg-f218\"><path d=\"m433.1 67.1-231.8 231.9c-6.2 6.2-16.4 6.2-22.6 0l-99.8-99.8-78.9 78.8 150.5 150.5c10.5 10.5 24.6 16.3 39.4 16.3 14.8 0 29-5.9 39.4-16.3l282.7-282.5z\" fill=\"currentColor\"><\/path><\/svg>\n                      <\/div>WebGIS acessados pela internet, com consumo de dados pr\u00f3prios do cliente e de servi\u00e7os WMS nacionais e de terceiros.\n                    <\/li>\n                  <\/ul>\n                <\/div>\n              <\/div>\n              <div class=\"u-container-style u-layout-cell u-opacity u-opacity-50 u-size-20 u-white u-layout-cell-3\">\n                <div class=\"u-container-layout u-container-layout-3\"><span class=\"u-align-center u-icon u-icon-circle u-text-grey-80 u-icon-3\"><svg class=\"u-svg-link\" preserveAspectRatio=\"xMidYMin slice\" viewBox=\"0 0 64 64\" style=\"\"><use xlink:href=\"#svg-f06c\"><\/use><\/svg><svg class=\"u-svg-content\" viewBox=\"0 0 64 64\" id=\"svg-f06c\"><g id=\"database_server\"><path d=\"m43.82 20.01a2.986 2.986 0 0 0 -2.82-2.01h-1v-2h1a3.009 3.009 0 0 0 3-3v-8a3.009 3.009 0 0 0 -3-3h-36a3.009 3.009 0 0 0 -3 3v8a3.009 3.009 0 0 0 3 3h1v2h-1a3.009 3.009 0 0 0 -3 3v8a3.009 3.009 0 0 0 3 3h1v2h-1a3.009 3.009 0 0 0 -3 3v8a3.009 3.009 0 0 0 3 3h19v8c0 3.94 9.56 6 19 6s19-2.06 19-6v-30c0-3.83-9.01-5.87-18.18-5.99zm-38.82-6.01a1 1 0 0 1 -1-1v-8a1 1 0 0 1 1-1h36a1 1 0 0 1 1 1v8a1 1 0 0 1 -1 1zm33 2v2h-4v-2zm-6 0v2h-18v-2zm-20 0v2h-4v-2zm12 30h-19a1 1 0 0 1 -1-1v-8a1 1 0 0 1 1-1h19zm-16-12v-2h4v2zm16 0h-10v-2h10zm0-8v4h-19a1 1 0 0 1 -1-1v-8a1 1 0 0 1 1-1h36a.7.7 0 0 1 .14.03c-8.8.25-17.14 2.29-17.14 5.97zm36 30c0 1.36-6 4-17 4s-17-2.64-17-4v-7.18c3.29 2.09 10.16 3.18 17 3.18s13.71-1.09 17-3.18zm0-10c0 1.36-6 4-17 4s-17-2.64-17-4v-7.18c3.29 2.09 10.16 3.18 17 3.18s13.71-1.09 17-3.18zm0-10c0 1.36-6 4-17 4s-17-2.64-17-4v-7.18c3.29 2.09 10.16 3.18 17 3.18s13.71-1.09 17-3.18zm-17-6c-11 0-17-2.64-17-4s6-4 17-4 17 2.64 17 4-6 4-17 4z\"><\/path><path d=\"m42 35h2v2h-2z\"><\/path><path d=\"m42 46h2v2h-2z\"><\/path><path d=\"m42 55h2v2h-2z\"><\/path><path d=\"m11 22h-4a1 1 0 0 0 -1 1v4a1 1 0 0 0 1 1h4a1 1 0 0 0 1-1v-4a1 1 0 0 0 -1-1zm-1 4h-2v-2h2z\"><\/path><path d=\"m19 22h-4a1 1 0 0 0 -1 1v4a1 1 0 0 0 1 1h4a1 1 0 0 0 1-1v-4a1 1 0 0 0 -1-1zm-1 4h-2v-2h2z\"><\/path><path d=\"m11 6h-4a1 1 0 0 0 -1 1v4a1 1 0 0 0 1 1h4a1 1 0 0 0 1-1v-4a1 1 0 0 0 -1-1zm-1 4h-2v-2h2z\"><\/path><path d=\"m19 6h-4a1 1 0 0 0 -1 1v4a1 1 0 0 0 1 1h4a1 1 0 0 0 1-1v-4a1 1 0 0 0 -1-1zm-1 4h-2v-2h2z\"><\/path><path d=\"m22 6h14v2h-14z\"><\/path><path d=\"m38 6h2v2h-2z\"><\/path><path d=\"m22 10h14v2h-14z\"><\/path><path d=\"m38 10h2v2h-2z\"><\/path><path d=\"m11 38h-4a1 1 0 0 0 -1 1v4a1 1 0 0 0 1 1h4a1 1 0 0 0 1-1v-4a1 1 0 0 0 -1-1zm-1 4h-2v-2h2z\"><\/path><path d=\"m19 38h-4a1 1 0 0 0 -1 1v4a1 1 0 0 0 1 1h4a1 1 0 0 0 1-1v-4a1 1 0 0 0 -1-1zm-1 4h-2v-2h2z\"><\/path>\n<\/g><\/svg><\/span>\n                  <h1 class=\"u-align-center u-text u-text-default u-text-grey-80 u-title u-text-6\">Banco de Dados<br>\n                  <\/h1>\n                  <div class=\"u-border-3 u-border-custom-color-2 u-line u-line-horizontal u-line-3\"><\/div>\n                  <p class=\"u-align-justify u-text u-text-default u-text-grey-80 u-text-7\"> A partir do uso de bancos de dados geogr\u00e1ficos \u00e9 poss\u00edvel consultar, visualizar e realizar an\u00e1lises espaciais, ou seja, \u00e9 poss\u00edvel, por meio desse banco de dados, calcular \u00e1reas, dist\u00e2ncias e centroides, al\u00e9m de gerar buffers e outras opera\u00e7\u00f5es espaciais, por meio de Sistemas de Informa\u00e7\u00f5es Geogr\u00e1ficas e Dashboards.<br>\n                    <br>Para isto, os arquivos de nossos clientes s\u00e3o organizados para serem armazenados em um Banco de Dados, que ser\u00e3o configurados e\/ou corrigidos e escalonados em Open Source facilmente, para a necessidade de cada projeto ou estudo.<br>\n                  <\/p>\n                <\/div>\n              <\/div>\n            <\/div>\n          <\/div>\n        <\/div>\n      <\/div>\n    <\/section>\n    \n    \n  \n","protected":false},"excerpt":{"rendered":"<p>Desenvolvimento de Sistemas Os Geoservi\u00e7os s\u00e3o funcionalidades utilizadas mediante um navegador de Internet, que uma IDE oferece aos usu\u00e1rios para acessar dados e metadados geoespaciais. Se organizam em servi\u00e7os de visualiza\u00e7\u00e3o de mapas, de download, de consulta e de convers\u00e3o. A Digimap executa a gera\u00e7\u00e3o de geoservi\u00e7os e hospedagem disponibilizadas por meio de formatos e &hellip; <a href=\"https:\/\/www.digimap.com.br\/2021\/desenvolvimento\/\" class=\"more-link\">Continue reading<span class=\"screen-reader-text\"> &#8220;Desenvolvimento&#8221;<\/span><\/a><\/p>\n","protected":false},"author":1,"featured_media":0,"parent":0,"menu_order":6,"comment_status":"closed","ping_status":"closed","template":"","meta":{"footnotes":""},"class_list":["post-1194","page","type-page","status-publish","hentry"],"_links":{"self":[{"href":"https:\/\/www.digimap.com.br\/2021\/wp-json\/wp\/v2\/pages\/1194","targetHints":{"allow":["GET"]}}],"collection":[{"href":"https:\/\/www.digimap.com.br\/2021\/wp-json\/wp\/v2\/pages"}],"about":[{"href":"https:\/\/www.digimap.com.br\/2021\/wp-json\/wp\/v2\/types\/page"}],"author":[{"embeddable":true,"href":"https:\/\/www.digimap.com.br\/2021\/wp-json\/wp\/v2\/users\/1"}],"replies":[{"embeddable":true,"href":"https:\/\/www.digimap.com.br\/2021\/wp-json\/wp\/v2\/comments?post=1194"}],"version-history":[{"count":9,"href":"https:\/\/www.digimap.com.br\/2021\/wp-json\/wp\/v2\/pages\/1194\/revisions"}],"predecessor-version":[{"id":1249,"href":"https:\/\/www.digimap.com.br\/2021\/wp-json\/wp\/v2\/pages\/1194\/revisions\/1249"}],"wp:attachment":[{"href":"https:\/\/www.digimap.com.br\/2021\/wp-json\/wp\/v2\/media?parent=1194"}],"curies":[{"name":"wp","href":"https:\/\/api.w.org\/{rel}","templated":true}]}}