{"id":1195,"date":"2021-09-13T17:37:47","date_gmt":"2021-09-13T20:37:47","guid":{"rendered":"https:\/\/www.digimap.com.br\/2021\/a-empresa\/"},"modified":"2021-09-14T10:02:52","modified_gmt":"2021-09-14T13:02:52","slug":"a-empresa","status":"publish","type":"page","link":"https:\/\/www.digimap.com.br\/2021\/a-empresa\/","title":{"rendered":"A Empresa"},"content":{"rendered":"\n  \n    \n    <section class=\"u-clearfix u-palette-5-light-3 u-section-2\" id=\"sec-4a71\">\n      <div class=\"u-clearfix u-sheet u-valign-middle u-sheet-1\">\n        <div class=\"u-clearfix u-expanded-width u-gutter-10 u-layout-wrap u-layout-wrap-1\">\n          <div class=\"u-gutter-0 u-layout\">\n            <div class=\"u-layout-row\" style=\"\">\n              <div class=\"u-size-24-lg u-size-24-xl u-size-29-sm u-size-29-xs u-size-60-md\" style=\"\">\n                <div class=\"u-layout-row\" style=\"\">\n                  <div class=\"u-align-left u-container-style u-layout-cell u-left-cell u-size-60 u-layout-cell-1\" src=\"\">\n                    <div class=\"u-container-layout u-container-layout-1\" src=\"\">\n                      <img decoding=\"async\" class=\"u-image u-image-contain u-preserve-proportions u-image-1\" src=\"https:\/\/www.digimap.com.br\/2021\/wp-content\/uploads\/logo_redonda_new-11.png\" data-image-width=\"500\" data-image-height=\"500\">\n                    <\/div>\n                  <\/div>\n                <\/div>\n              <\/div>\n              <div class=\"u-size-31-sm u-size-31-xs u-size-36-lg u-size-36-xl u-size-60-md\" style=\"\">\n                <div class=\"u-layout-col\" style=\"\">\n                  <div class=\"u-align-justify u-container-style u-layout-cell u-right-cell u-shape-rectangle u-size-60 u-layout-cell-2\">\n                    <div class=\"u-container-layout u-valign-top u-container-layout-2\">\n                      <h1 class=\"u-text u-text-grey-80 u-title u-text-1\">Digimap<\/h1>\n                      <p class=\"u-text u-text-grey-80 u-text-2\"> A Digimap \u00e9 uma empresa especializada na elabora\u00e7\u00e3o e fornecimento de solu\u00e7\u00f5es espaciais, nas tem\u00e1ticas de sensoriamento remoto, mapeamentos, geoservi\u00e7os de mapas e imagens, detec\u00e7\u00e3o de mudan\u00e7as a partir de imagens de alta resolu\u00e7\u00e3o, sistemas de informa\u00e7\u00f5es geogr\u00e1ficas e geoweb, levantamentos topogr\u00e1ficos e loca\u00e7\u00f5es de obras, al\u00e9m de consultoria t\u00e9cnica em geotecnologias, meio ambiente, geologia e geotecnia.<br>\n                      <\/p>\n                      <h4 class=\"u-text u-text-grey-80 u-text-3\"> Nossa equipe multidisciplinar permite solu\u00e7\u00f5es inteligentes para a sua melhor tomada de decis\u00e3o.<\/h4>\n                      <div class=\"u-align-center-xs u-social-icons u-spacing-20 u-social-icons-1\">\n                        <a class=\"u-social-url\" title=\"instagram\" target=\"_blank\" href=\"https:\/\/www.instagram.com\/digimap.map\/\"><span class=\"u-icon u-social-icon u-social-instagram u-text-grey-80\"><svg class=\"u-svg-link\" preserveAspectRatio=\"xMidYMin slice\" viewBox=\"0 0 112 112\" style=\"\"><use xmlns:xlink=\"http:\/\/www.w3.org\/1999\/xlink\" xlink:href=\"#svg-f678\"><\/use><\/svg><svg class=\"u-svg-content\" viewBox=\"0 0 112 112\" x=\"0\" y=\"0\" id=\"svg-f678\"><path fill=\"currentColor\" d=\"M55.9,32.9c-12.8,0-23.2,10.4-23.2,23.2s10.4,23.2,23.2,23.2s23.2-10.4,23.2-23.2S68.7,32.9,55.9,32.9z\n\t M55.9,69.4c-7.4,0-13.3-6-13.3-13.3c-0.1-7.4,6-13.3,13.3-13.3s13.3,6,13.3,13.3C69.3,63.5,63.3,69.4,55.9,69.4z\"><\/path><path fill=\"#FFFFFF\" d=\"M79.7,26.8c-3,0-5.4,2.5-5.4,5.4s2.5,5.4,5.4,5.4c3,0,5.4-2.5,5.4-5.4S82.7,26.8,79.7,26.8z\"><\/path><path fill=\"currentColor\" d=\"M78.2,11H33.5C21,11,10.8,21.3,10.8,33.7v44.7c0,12.6,10.2,22.8,22.7,22.8h44.7c12.6,0,22.7-10.2,22.7-22.7\n\tV33.7C100.8,21.1,90.6,11,78.2,11z M91,78.4c0,7.1-5.8,12.8-12.8,12.8H33.5c-7.1,0-12.8-5.8-12.8-12.8V33.7\n\tc0-7.1,5.8-12.8,12.8-12.8h44.7c7.1,0,12.8,5.8,12.8,12.8V78.4z\"><\/path><\/svg><\/span>\n                        <\/a>\n                        <a class=\"u-social-url\" target=\"_blank\" title=\"LinkedIn\" href=\"https:\/\/www.linkedin.com\/company\/digimap-imagens-de-sat\u00e9lites-e-mapeamentos\/\"><span class=\"u-icon u-social-icon u-social-linkedin u-text-grey-80 u-icon-2\"><svg class=\"u-svg-link\" preserveAspectRatio=\"xMidYMin slice\" viewBox=\"0 0 112 112\" style=\"\"><use xmlns:xlink=\"http:\/\/www.w3.org\/1999\/xlink\" xlink:href=\"#svg-659b\"><\/use><\/svg><svg class=\"u-svg-content\" viewBox=\"0 0 112 112\" x=\"0\" y=\"0\" id=\"svg-659b\"><circle fill=\"currentColor\" cx=\"56.1\" cy=\"56.1\" r=\"55\"><\/circle><path fill=\"#FFFFFF\" d=\"M41.3,83.7H27.9V43.4h13.4V83.7z M34.6,37.9L34.6,37.9c-4.6,0-7.5-3.1-7.5-7c0-4,3-7,7.6-7s7.4,3,7.5,7\n            C42.2,34.8,39.2,37.9,34.6,37.9z M89.6,83.7H76.2V62.2c0-5.4-1.9-9.1-6.8-9.1c-3.7,0-5.9,2.5-6.9,4.9c-0.4,0.9-0.4,2.1-0.4,3.3v22.5\n            H48.7c0,0,0.2-36.5,0-40.3h13.4v5.7c1.8-2.7,5-6.7,12.1-6.7c8.8,0,15.4,5.8,15.4,18.1V83.7z\"><\/path><\/svg><\/span>\n                        <\/a>\n                        <a class=\"u-social-url\" title=\"facebook\" target=\"_blank\" href=\"https:\/\/www.facebook.com\/digimapbrasil\"><span class=\"u-icon u-social-facebook u-social-icon u-text-grey-80\"><svg class=\"u-svg-link\" preserveAspectRatio=\"xMidYMin slice\" viewBox=\"0 0 112 112\" style=\"\"><use xmlns:xlink=\"http:\/\/www.w3.org\/1999\/xlink\" xlink:href=\"#svg-641f\"><\/use><\/svg><svg class=\"u-svg-content\" viewBox=\"0 0 112 112\" x=\"0\" y=\"0\" id=\"svg-641f\"><path fill=\"currentColor\" d=\"M75.5,28.8H65.4c-1.5,0-4,0.9-4,4.3v9.4h13.9l-1.5,15.8H61.4v45.1H42.8V58.3h-8.8V42.4h8.8V32.2\nc0-7.4,3.4-18.8,18.8-18.8h13.8v15.4H75.5z\"><\/path><\/svg><\/span>\n                        <\/a>\n                      <\/div>\n                    <\/div>\n                  <\/div>\n                <\/div>\n              <\/div>\n            <\/div>\n          <\/div>\n        <\/div>\n      <\/div>\n    <\/section>\n    <section class=\"skrollable u-align-center u-clearfix u-image u-parallax u-shading u-section-3\" id=\"sec-73a5\" data-image-width=\"1080\" data-image-height=\"1080\">\n      <div class=\"u-align-left u-clearfix u-sheet u-valign-middle u-sheet-1\">\n        <div class=\"u-expanded-width u-list u-list-1\">\n          <div class=\"u-repeater u-repeater-1\">\n            <div class=\"u-container-style u-list-item u-opacity u-opacity-40 u-repeater-item u-white u-list-item-1\">\n              <div class=\"u-container-layout u-similar-container u-container-layout-1\"><span class=\"u-icon u-icon-circle u-text-custom-color-1 u-icon-1\"><svg class=\"u-svg-link\" preserveAspectRatio=\"xMidYMin slice\" viewBox=\"0 0 512 512\" style=\"\"><use xmlns:xlink=\"http:\/\/www.w3.org\/1999\/xlink\" xlink:href=\"#svg-c6ba\"><\/use><\/svg><svg class=\"u-svg-content\" viewBox=\"0 0 512 512\" x=\"0px\" y=\"0px\" id=\"svg-c6ba\" style=\"enable-background:new 0 0 512 512;\"><g><g><path d=\"M266.8,245.685c-0.084-0.088-0.108-0.205-0.194-0.291l-85.604-85.605v-53.789c0-3.985-1.582-7.793-4.394-10.606    l-90-90.999C82.331,0.119,75.871-1.185,70.26,1.144c-5.61,2.314-9.258,7.793-9.258,13.857v45h-46    C8.939,60,3.46,63.647,1.146,69.258c-2.329,5.61-1.04,12.056,3.252,16.348l91,90.999c2.813,2.813,6.621,4.395,10.605,4.395h53.789    l85.604,85.604c0.086,0.086,0.203,0.11,0.291,0.194c5.84,5.574,14.711,5.648,20.629,0    C272.548,260.85,272.408,251.56,266.8,245.685z\"><\/path>\n<\/g>\n<\/g><g><g><path d=\"M256.001,0.002c-38.381,0-74.67,9.765-107.348,25.018l46.014,46.014c19.312-6.422,39.895-10.032,61.335-10.032    C363.521,61.001,451,148.481,451,256s-87.479,194.999-194.999,194.999S61.002,363.52,61.002,256    c0-21.44,3.611-42.023,10.032-61.335l-46.014-46.014C9.769,181.33,0.003,217.619,0.003,256    c0,140.609,115.389,255.999,255.998,255.999S512,396.609,512,256S396.612,0.002,256.001,0.002z\"><\/path>\n<\/g>\n<\/g><g><g><path d=\"M256.001,121.001c-15.855,0-30.855,3.25-45,8.293v18.074l34.677,34.677c3.406-0.476,6.788-1.044,10.323-1.044    c41.353,0,75,33.647,75,75c0,41.353-33.647,75-75,75c-41.353,0-75-33.647-75-75c0-3.536,0.568-6.918,1.044-10.323L147.369,211    h-18.074c-5.043,14.145-8.293,29.145-8.293,45c0,74.443,60.557,134.999,134.999,134.999S391.001,330.443,391.001,256    S330.444,121.001,256.001,121.001z\"><\/path>\n<\/g>\n<\/g><\/svg>\n            \n            \n          <\/span>\n                <h3 class=\"u-align-center u-text u-text-default u-text-grey-80 u-text-1\">Miss\u00e3o<\/h3>\n                <p class=\"u-align-center u-text u-text-grey-80 u-text-2\"> Gerar valor para nossos clientes, equipes e p\u00fablico estrat\u00e9gico, atuando no setor de geotecnologias com solu\u00e7\u00f5es confi\u00e1veis para a tomada de decis\u00f5es.<\/p>\n              <\/div>\n            <\/div>\n            <div class=\"u-align-center u-container-style u-list-item u-opacity u-opacity-40 u-repeater-item u-white u-list-item-2\">\n              <div class=\"u-container-layout u-similar-container u-container-layout-2\"><span class=\"u-icon u-icon-circle u-text-custom-color-1 u-icon-2\"><svg class=\"u-svg-link\" preserveAspectRatio=\"xMidYMin slice\" viewBox=\"0 0 24 24\" style=\"\"><use xmlns:xlink=\"http:\/\/www.w3.org\/1999\/xlink\" xlink:href=\"#svg-a98c\"><\/use><\/svg><svg class=\"u-svg-content\" viewBox=\"0 0 24 24\" id=\"svg-a98c\"><path d=\"m23.648 14.564-3.869-10.289c-.001-.002-.001-.004-.002-.006l-.001-.001c-.51-1.357-1.827-2.268-3.276-2.268s-2.766.911-3.277 2.269c-.148.394-.223.809-.223 1.231v4.5h-2v-4.5c0-1.93-1.57-3.5-3.5-3.5-1.449 0-2.766.911-3.277 2.269-.001.002-.001.004-.002.006l-3.869 10.286c0 .001-.001.001-.001.001-.233.621-.351 1.272-.351 1.938 0 3.033 2.468 5.5 5.5 5.5s5.5-2.467 5.5-5.5v-.5h2v.5c0 3.033 2.468 5.5 5.5 5.5s5.5-2.467 5.5-5.5c0-.666-.118-1.317-.352-1.936zm-18.148 5.436c-1.93 0-3.5-1.57-3.5-3.5 0-.424.075-.839.223-1.232.51-1.356 1.827-2.268 3.277-2.268 1.93 0 3.5 1.57 3.5 3.5s-1.57 3.5-3.5 3.5zm13 0c-1.93 0-3.5-1.57-3.5-3.5s1.57-3.5 3.5-3.5c1.45 0 2.767.912 3.277 2.268.148.393.223.808.223 1.232 0 1.93-1.57 3.5-3.5 3.5z\"><\/path><\/svg>\n            \n            \n          <\/span>\n                <h3 class=\"u-align-center u-text u-text-default u-text-grey-80 u-text-3\">Vis\u00e3o<\/h3>\n                <p class=\"u-align-center u-text u-text-grey-80 u-text-4\"> Estar entre os principais players do mercado e ser refer\u00eancia em produtos e servi\u00e7os de geotecnologias no Brasil.<\/p>\n              <\/div>\n            <\/div>\n            <div class=\"u-container-style u-list-item u-opacity u-opacity-40 u-repeater-item u-white u-list-item-3\">\n              <div class=\"u-container-layout u-similar-container u-container-layout-3\"><span class=\"u-icon u-icon-circle u-text-custom-color-1 u-icon-3\"><svg class=\"u-svg-link\" preserveAspectRatio=\"xMidYMin slice\" viewBox=\"0 0 58.182 58.182\" style=\"\"><use xmlns:xlink=\"http:\/\/www.w3.org\/1999\/xlink\" xlink:href=\"#svg-6dad\"><\/use><\/svg><svg class=\"u-svg-content\" viewBox=\"0 0 58.182 58.182\" x=\"0px\" y=\"0px\" id=\"svg-6dad\" style=\"enable-background:new 0 0 58.182 58.182;\"><g><g><path d=\"M58.168,30.707l-7.993-18.685c0.158-0.423,0.249-0.879,0.249-1.356c0-2.143-1.738-3.879-3.88-3.879    c-1.297,0-2.441,0.638-3.145,1.616h-8.946C33.57,6.315,31.5,4.849,29.09,4.849c-2.411,0-4.479,1.466-5.361,3.556h-8.946    c-0.705-0.978-1.85-1.616-3.147-1.616c-2.142,0-3.878,1.736-3.878,3.879c0,0.477,0.091,0.932,0.249,1.356L0.014,30.707H0    c0,6.068,5.211,10.99,11.637,10.99c6.428,0,11.636-4.922,11.636-10.99h-0.014L15.655,12.93h8.074    c0.445,1.052,1.191,1.946,2.129,2.574v28.779H14.222v2.586c0,3.556,2.909,6.465,6.465,6.465h16.808    c3.556,0,6.465-2.909,6.465-6.465v-2.586H32.323v-28.78c0.938-0.629,1.684-1.522,2.129-2.573h8.073L34.91,30.707h-0.001v0.001    l-0.004,0.009l0.005,0.002c0.007,6.063,5.214,10.978,11.636,10.978c6.428,0,11.636-4.922,11.636-10.99    C58.182,30.708,58.168,30.708,58.168,30.707z M19.743,30.707H3.53l6.984-16.328c0.355,0.107,0.731,0.166,1.121,0.166    s0.768-0.059,1.124-0.167L19.743,30.707z M38.425,30.707l6.995-16.328c0.356,0.108,0.733,0.167,1.124,0.167    s0.768-0.059,1.124-0.167l6.985,16.328H38.425z\"><\/path>\n<\/g>\n<\/g><\/svg>\n            \n            \n          <\/span>\n                <h3 class=\"u-align-center u-text u-text-default u-text-grey-80 u-text-5\">Valor<\/h3>\n                <p class=\"u-align-center u-text u-text-grey-80 u-text-6\"> Satisfa\u00e7\u00e3o de nossos clientes.<\/p>\n              <\/div>\n            <\/div>\n          <\/div>\n        <\/div>\n      <\/div>\n    <\/section>\n    <section class=\"u-align-center u-clearfix u-palette-5-light-3 u-section-4\" id=\"ssma\">\n      <div class=\"u-clearfix u-sheet u-sheet-1\"><span class=\"u-icon u-icon-circle u-text-grey-80 u-icon-1\"><svg class=\"u-svg-link\" preserveAspectRatio=\"xMidYMin slice\" viewBox=\"0 0 420.8 420.8\" style=\"\"><use xmlns:xlink=\"http:\/\/www.w3.org\/1999\/xlink\" xlink:href=\"#svg-fb9c\"><\/use><\/svg><svg class=\"u-svg-content\" viewBox=\"0 0 420.8 420.8\" x=\"0px\" y=\"0px\" id=\"svg-fb9c\" style=\"enable-background:new 0 0 420.8 420.8;\"><g><g><path d=\"M413.6,204H378c14.8-33.6,13.2-60.8,7.6-79.2c-9.6-32.8-42-68.4-90-68.4c-12.8,0-25.6,2.4-38.8,7.2    C234,72,218.8,81.2,212,86c-6.8-4.8-21.6-14-44.8-22.4c-13.2-4.8-26.4-7.2-38.8-7.2c-48,0-80.4,35.6-90,68.4    c-5.6,19.6-7.6,49.2,11.2,86.4H6.4c-3.6,0-6.4,2.8-6.4,6.4c0,3.6,2.8,6.4,6.4,6.4h50.8c2,3.6,4.4,7.2,7.2,10.8    c41.6,60,132,125.2,148.4,129.2v0.4c0,0,0.4,0,0.8-0.4c0.4,0,0.8,0,1.2,0v-0.4c14-6.8,100.8-62.8,146.4-129.2c4.4-6,8-12,11.2-18    h42c3.6,0,6.4-2.8,6.4-6.4C420.8,206.4,417.2,204,413.6,204z M349.6,227.6c-42.4,62-120.4,112-137.2,122.8    c-17.2-10.8-94.8-61.2-137.6-122.8c-0.8-1.2-1.6-2.4-2.4-3.6h58.8c2.4,0,4.8-1.2,6-3.6l26.8-52.8l42,107.6c0.8,2.4,3.6,4,6,4    c0,0,0,0,0.4,0c2.8,0,5.2-2,6-4.8l36.8-126l19.6,63.6c0.8,2.4,2.8,4,5.2,4.4c2.4,0.4,4.8-0.8,6.4-2.8l15.6-22.8l13.2,22.4    c1.2,2,3.2,3.2,5.6,3.2h36C354.4,220.4,352,224,349.6,227.6z M364,204h-39.2l-16.4-28c-1.2-2-3.2-3.2-5.6-3.2    c-2.4,0-4.4,0.8-5.6,2.8l-13.6,20l-22-71.6c-0.8-2.8-3.6-4.4-6.4-4.8c-2.8,0-5.6,2-6.4,4.8l-37.2,128.4l-40.4-103.2    c-0.8-2.4-3.2-4-5.6-4c-2.8,0-4.8,1.2-6,3.6l-31.6,62H64.4c-16-29.2-20.4-57.2-13.2-82.4c8.4-28.4,36-58.8,77.6-58.8    c11.2,0,22.8,2.4,34.4,6.4c29.2,10.8,44.8,23.2,45.2,23.2c2.4,2,5.6,2,8,0c0,0,15.6-12.4,45.2-23.2c11.6-4.4,23.2-6.4,34.4-6.4    c41.2,0,69.2,30.4,77.6,58.8C380.4,151.6,376.8,177.2,364,204z\"><\/path>\n<\/g>\n<\/g><\/svg><\/span>\n        <h3 class=\"u-text u-text-custom-color-1 u-text-1\">SSMA<\/h3>\n        <p class=\"u-align-center u-text u-text-grey-80 u-text-2\"> A Sa\u00fade e Seguran\u00e7a do Trabalho s\u00e3o elementos essenciais em todas as atividades da Digimap. O Programa de Sa\u00fade, Seguran\u00e7a e Meio Ambiente, faz parte de um conjunto mais amplo de medidas que a Digimap vem aplicando para atender seus requisitos internos e aos requisitos de seus clientes, pautados em Normas Internacionais de Qualidade, Sa\u00fade, Seguran\u00e7a do trabalho e Meio Ambiente. <\/p>\n        <h4 class=\"u-align-center u-text u-text-grey-80 u-text-3\"> A gest\u00e3o de SSMA da Digimap \u00e9 realizada com disciplina,<br>conhecimento e comportamento preventivo, assegurando os seguintes objetivos: \n        <\/h4>\n        <div class=\"u-clearfix u-expanded-width u-gutter-32 u-layout-wrap u-layout-wrap-1\">\n          <div class=\"u-layout\">\n            <div class=\"u-layout-row\">\n              <div class=\"u-align-justify u-container-style u-layout-cell u-size-20 u-layout-cell-1\">\n                <div class=\"u-container-layout u-container-layout-1\">\n                  <ul class=\"u-custom-list u-text u-text-default u-text-grey-80 u-text-4\">\n                    <li style=\"margin-left: 1.6em;\">\n                      <div class=\"class u-list-icon u-text-custom-color-1\">\n                        <svg class=\"u-svg-content\" viewBox=\"0 0 512 512\" id=\"svg-b655\" style=\"font-size: 1.1em; margin: -1.1em;\"><path d=\"m433.1 67.1-231.8 231.9c-6.2 6.2-16.4 6.2-22.6 0l-99.8-99.8-78.9 78.8 150.5 150.5c10.5 10.5 24.6 16.3 39.4 16.3 14.8 0 29-5.9 39.4-16.3l282.7-282.5z\" fill=\"currentColor\"><\/path><\/svg>\n                      <\/div> Garantir um ambiente de trabalho seguro e saud\u00e1vel para todos os colaboradores e visitantes, certificando o cumprimento da legisla\u00e7\u00e3o;&nbsp; \n                    <\/li>\n                    <li style=\"margin-left: 1.6em;\">\n                      <div class=\"class u-list-icon u-text-custom-color-1\">\n                        <svg class=\"u-svg-content\" viewBox=\"0 0 512 512\" id=\"svg-b655\" style=\"font-size: 1.1em; margin: -1.1em;\"><path d=\"m433.1 67.1-231.8 231.9c-6.2 6.2-16.4 6.2-22.6 0l-99.8-99.8-78.9 78.8 150.5 150.5c10.5 10.5 24.6 16.3 39.4 16.3 14.8 0 29-5.9 39.4-16.3l282.7-282.5z\" fill=\"currentColor\"><\/path><\/svg>\n                      <\/div>Buscar melhoria cont\u00ednua dos nossos processos referentes \u00e0 sa\u00fade e seguran\u00e7a do trabalho;&nbsp; \n                    <\/li>\n                    <li style=\"margin-left: 1.6em;\">\n                      <div class=\"class u-list-icon u-text-custom-color-1\">\n                        <svg class=\"u-svg-content\" viewBox=\"0 0 512 512\" id=\"svg-b655\" style=\"font-size: 1.1em; margin: -1.1em;\"><path d=\"m433.1 67.1-231.8 231.9c-6.2 6.2-16.4 6.2-22.6 0l-99.8-99.8-78.9 78.8 150.5 150.5c10.5 10.5 24.6 16.3 39.4 16.3 14.8 0 29-5.9 39.4-16.3l282.7-282.5z\" fill=\"currentColor\"><\/path><\/svg>\n                      <\/div>Proteger as instala\u00e7\u00f5es e equipamentos de modo a garantir adequadas condi\u00e7\u00f5es de seguran\u00e7a;&nbsp; \n                    <\/li>\n                  <\/ul>\n                <\/div>\n              <\/div>\n              <div class=\"u-align-justify u-container-style u-layout-cell u-size-20 u-layout-cell-2\">\n                <div class=\"u-container-layout u-container-layout-2\">\n                  <ul class=\"u-custom-list u-text u-text-default u-text-grey-80 u-text-5\">\n                    <li style=\"margin-left: 1.6em;\">\n                      <div class=\"class u-list-icon u-text-custom-color-1\">\n                        <svg class=\"u-svg-content\" viewBox=\"0 0 512 512\" id=\"svg-b655\" style=\"font-size: 1.1em; margin: -1.1em;\"><path d=\"m433.1 67.1-231.8 231.9c-6.2 6.2-16.4 6.2-22.6 0l-99.8-99.8-78.9 78.8 150.5 150.5c10.5 10.5 24.6 16.3 39.4 16.3 14.8 0 29-5.9 39.4-16.3l282.7-282.5z\" fill=\"currentColor\"><\/path><\/svg>\n                      <\/div>Atender aos requisitos legais de sa\u00fade e seguran\u00e7a estabelecidos e assumidos;&nbsp; \n                    <\/li>\n                    <li style=\"margin-left: 1.6em;\">\n                      <div class=\"class u-list-icon u-text-custom-color-1\">\n                        <svg class=\"u-svg-content\" viewBox=\"0 0 512 512\" id=\"svg-b655\" style=\"font-size: 1.1em; margin: -1.1em;\"><path d=\"m433.1 67.1-231.8 231.9c-6.2 6.2-16.4 6.2-22.6 0l-99.8-99.8-78.9 78.8 150.5 150.5c10.5 10.5 24.6 16.3 39.4 16.3 14.8 0 29-5.9 39.4-16.3l282.7-282.5z\" fill=\"currentColor\"><\/path><\/svg>\n                      <\/div>Identificar, relatar, investigar, tratar as anomalias e acidentes para evitar reincid\u00eancia; \n                    <\/li>\n                    <li style=\"margin-left: 1.6em;\">\n                      <div class=\"class u-list-icon u-text-custom-color-1\">\n                        <svg class=\"u-svg-content\" viewBox=\"0 0 512 512\" id=\"svg-b655\" style=\"font-size: 1.1em; margin: -1.1em;\"><path d=\"m433.1 67.1-231.8 231.9c-6.2 6.2-16.4 6.2-22.6 0l-99.8-99.8-78.9 78.8 150.5 150.5c10.5 10.5 24.6 16.3 39.4 16.3 14.8 0 29-5.9 39.4-16.3l282.7-282.5z\" fill=\"currentColor\"><\/path><\/svg>\n                      <\/div>Assegurar a qualquer colaborador o direito de n\u00e3o realizar ou de interromper qualquer atividade, quando as medidas de controle de risco n\u00e3o estiverem totalmente implementadas;&nbsp;&nbsp; \n                    <\/li>\n                  <\/ul>\n                <\/div>\n              <\/div>\n              <div class=\"u-align-justify u-container-style u-layout-cell u-opacity u-opacity-50 u-palette-5-light-3 u-size-20 u-layout-cell-3\">\n                <div class=\"u-container-layout u-container-layout-3\">\n                  <ul class=\"u-custom-list u-text u-text-default u-text-grey-80 u-text-6\">\n                    <li style=\"margin-left: 1.6em;\">\n                      <div class=\"class u-list-icon u-text-custom-color-1\">\n                        <svg class=\"u-svg-content\" viewBox=\"0 0 512 512\" id=\"svg-b655\" style=\"font-size: 1.1em; margin: -1.1em;\"><path d=\"m433.1 67.1-231.8 231.9c-6.2 6.2-16.4 6.2-22.6 0l-99.8-99.8-78.9 78.8 150.5 150.5c10.5 10.5 24.6 16.3 39.4 16.3 14.8 0 29-5.9 39.4-16.3l282.7-282.5z\" fill=\"currentColor\"><\/path><\/svg>\n                      <\/div>\n                    <\/li>\n                    <li style=\"margin-left: 1.6em;\"> Prover treinamentos adequados aos funcion\u00e1rios, certificando que os mesmos possam desempenhar seu trabalho de maneira totalmente segura.<br>\n                    <\/li>\n                  <\/ul>\n                <\/div>\n              <\/div>\n            <\/div>\n          <\/div>\n        <\/div>\n      <\/div>\n    <\/section>\n    \n    \n  \n","protected":false},"excerpt":{"rendered":"<p>Digimap A Digimap \u00e9 uma empresa especializada na elabora\u00e7\u00e3o e fornecimento de solu\u00e7\u00f5es espaciais, nas tem\u00e1ticas de sensoriamento remoto, mapeamentos, geoservi\u00e7os de mapas e imagens, detec\u00e7\u00e3o de mudan\u00e7as a partir de imagens de alta resolu\u00e7\u00e3o, sistemas de informa\u00e7\u00f5es geogr\u00e1ficas e geoweb, levantamentos topogr\u00e1ficos e loca\u00e7\u00f5es de obras, al\u00e9m de consultoria t\u00e9cnica em geotecnologias, meio ambiente, &hellip; <a href=\"https:\/\/www.digimap.com.br\/2021\/a-empresa\/\" class=\"more-link\">Continue reading<span class=\"screen-reader-text\"> &#8220;A Empresa&#8221;<\/span><\/a><\/p>\n","protected":false},"author":1,"featured_media":0,"parent":0,"menu_order":7,"comment_status":"closed","ping_status":"closed","template":"","meta":{"footnotes":""},"class_list":["post-1195","page","type-page","status-publish","hentry"],"_links":{"self":[{"href":"https:\/\/www.digimap.com.br\/2021\/wp-json\/wp\/v2\/pages\/1195","targetHints":{"allow":["GET"]}}],"collection":[{"href":"https:\/\/www.digimap.com.br\/2021\/wp-json\/wp\/v2\/pages"}],"about":[{"href":"https:\/\/www.digimap.com.br\/2021\/wp-json\/wp\/v2\/types\/page"}],"author":[{"embeddable":true,"href":"https:\/\/www.digimap.com.br\/2021\/wp-json\/wp\/v2\/users\/1"}],"replies":[{"embeddable":true,"href":"https:\/\/www.digimap.com.br\/2021\/wp-json\/wp\/v2\/comments?post=1195"}],"version-history":[{"count":2,"href":"https:\/\/www.digimap.com.br\/2021\/wp-json\/wp\/v2\/pages\/1195\/revisions"}],"predecessor-version":[{"id":1215,"href":"https:\/\/www.digimap.com.br\/2021\/wp-json\/wp\/v2\/pages\/1195\/revisions\/1215"}],"wp:attachment":[{"href":"https:\/\/www.digimap.com.br\/2021\/wp-json\/wp\/v2\/media?parent=1195"}],"curies":[{"name":"wp","href":"https:\/\/api.w.org\/{rel}","templated":true}]}}