{"id":1303,"date":"2026-05-04T13:25:07","date_gmt":"2026-05-04T16:25:07","guid":{"rendered":"https:\/\/www.digimap.com.br\/2021\/?page_id=1303"},"modified":"2026-05-04T18:39:55","modified_gmt":"2026-05-04T21:39:55","slug":"softwares","status":"publish","type":"page","link":"https:\/\/www.digimap.com.br\/2021\/softwares\/","title":{"rendered":"Softwares"},"content":{"rendered":"\n  \n    \n    <section class=\"skrollable u-clearfix u-gradient u-image u-parallax u-section-2\" id=\"block-1\" data-image-width=\"598\" data-image-height=\"844\" style=\"background-image: linear-gradient(rgba(255, 255, 255, 0.8), rgba(255, 255, 255, 0.8)), url(&quot;https:\/\/www.digimap.com.br\/2021\/wp-content\/uploads\/bg_servicos-13.png&quot;);\">\n      <div class=\"u-clearfix u-sheet u-sheet-1\">\n        <h3 class=\"u-align-center u-text u-text-body-color u-text-default u-text-1\">Softwares<\/h3>\n        <div class=\"data-layout-selected u-clearfix u-expanded-width u-layout-wrap u-layout-wrap-1\">\n          <div class=\"u-layout\">\n            <div class=\"u-layout-row\">\n              <div class=\"u-align-center u-container-align-center u-container-style u-layout-cell u-size-20 u-layout-cell-1\">\n                <div class=\"u-container-layout u-container-layout-1\">\n                  <img decoding=\"async\" class=\"u-image u-image-contain u-image-default u-preserve-proportions u-image-1\" src=\"https:\/\/www.digimap.com.br\/2021\/wp-content\/uploads\/Autodesk_Reseller_Logo.png\" alt=\"\" data-image-width=\"400\" data-image-height=\"176\">\n                  <p class=\"u-custom-font u-heading-font u-text u-text-default u-text-2\"> Sua parceira estrat\u00e9gica para licenciamento, implementa\u00e7\u00e3o e treinamento em softwares Autodesk. Adquira suas licen\u00e7as com seguran\u00e7a e conte com nossa expertise t\u00e9cnica para otimizar seus resultados.<\/p>\n                <\/div>\n              <\/div>\n              <div class=\"u-align-center u-container-align-center u-container-style u-layout-cell u-size-20 u-layout-cell-2\">\n                <div class=\"u-container-layout u-container-layout-2\">\n                  <img decoding=\"async\" class=\"u-image u-image-default u-image-2\" src=\"https:\/\/www.digimap.com.br\/2021\/wp-content\/uploads\/HexagonLogo.svg\" alt=\"\" data-image-width=\"500\" data-image-height=\"141\">\n                  <p class=\"u-heading-font u-text u-text-default u-text-3\"> Oferecemos um ecossistema completo de tecnologias que integram o mundo f\u00edsico ao digital. Por meio de softwares avan\u00e7ados e sistemas de medi\u00e7\u00e3o de alta performance, a Hexagon entrega clareza operacional para os setores de infraestrutura, minera\u00e7\u00e3o, agricultura e seguran\u00e7a, garantindo que cada projeto seja executado com o m\u00e1ximo de rigor t\u00e9cnico e efici\u00eancia.<\/p>\n                <\/div>\n              <\/div>\n              <div class=\"u-align-center u-container-align-center u-container-style u-layout-cell u-size-20 u-layout-cell-3\">\n                <div class=\"u-container-layout u-container-layout-3\">\n                  <img decoding=\"async\" class=\"u-image u-image-contain u-image-default u-preserve-proportions u-image-3\" src=\"https:\/\/www.digimap.com.br\/2021\/wp-content\/uploads\/logo-3.png\" alt=\"\" data-image-width=\"153\" data-image-height=\"44\">\n                  <p class=\"u-heading-font u-text u-text-default u-text-4\"> Especializada em converter informa\u00e7\u00f5es complexas em mapas claros e funcionais. Atuamos com an\u00e1lise espacial, sensoriamento remoto e gest\u00e3o de dados geogr\u00e1ficos para diversos setores. Nosso compromisso \u00e9 entregar resultados que garantam efici\u00eancia t\u00e9cnica e conformidade para projetos de qualquer escala.<\/p>\n                <\/div>\n              <\/div>\n            <\/div>\n          <\/div>\n        <\/div>\n      <\/div>\n    <\/section>\n    \n    \n    \n  \n","protected":false},"excerpt":{"rendered":"<p>Softwares Sua parceira estrat\u00e9gica para licenciamento, implementa\u00e7\u00e3o e treinamento em softwares Autodesk. Adquira suas licen\u00e7as com seguran\u00e7a e conte com nossa expertise t\u00e9cnica para otimizar seus resultados. Oferecemos um ecossistema completo de tecnologias que integram o mundo f\u00edsico ao digital. Por meio de softwares avan\u00e7ados e sistemas de medi\u00e7\u00e3o de alta performance, a Hexagon entrega &hellip; <a href=\"https:\/\/www.digimap.com.br\/2021\/softwares\/\" class=\"more-link\">Continue reading<span class=\"screen-reader-text\"> &#8220;Softwares&#8221;<\/span><\/a><\/p>\n","protected":false},"author":1,"featured_media":0,"parent":0,"menu_order":0,"comment_status":"closed","ping_status":"closed","template":"","meta":{"footnotes":""},"class_list":["post-1303","page","type-page","status-publish","hentry"],"_links":{"self":[{"href":"https:\/\/www.digimap.com.br\/2021\/wp-json\/wp\/v2\/pages\/1303","targetHints":{"allow":["GET"]}}],"collection":[{"href":"https:\/\/www.digimap.com.br\/2021\/wp-json\/wp\/v2\/pages"}],"about":[{"href":"https:\/\/www.digimap.com.br\/2021\/wp-json\/wp\/v2\/types\/page"}],"author":[{"embeddable":true,"href":"https:\/\/www.digimap.com.br\/2021\/wp-json\/wp\/v2\/users\/1"}],"replies":[{"embeddable":true,"href":"https:\/\/www.digimap.com.br\/2021\/wp-json\/wp\/v2\/comments?post=1303"}],"version-history":[{"count":3,"href":"https:\/\/www.digimap.com.br\/2021\/wp-json\/wp\/v2\/pages\/1303\/revisions"}],"predecessor-version":[{"id":1367,"href":"https:\/\/www.digimap.com.br\/2021\/wp-json\/wp\/v2\/pages\/1303\/revisions\/1367"}],"wp:attachment":[{"href":"https:\/\/www.digimap.com.br\/2021\/wp-json\/wp\/v2\/media?parent=1303"}],"curies":[{"name":"wp","href":"https:\/\/api.w.org\/{rel}","templated":true}]}}